{"id":71,"date":"2024-01-08T10:38:29","date_gmt":"2024-01-08T10:38:29","guid":{"rendered":"https:\/\/da-team.fi\/?page_id=71"},"modified":"2025-06-09T14:00:17","modified_gmt":"2025-06-09T12:00:17","slug":"yhteydenotto","status":"publish","type":"page","link":"https:\/\/da-team.fi\/en\/yhteydenotto\/","title":{"rendered":"Contact us"},"content":{"rendered":"<div data-elementor-type=\"wp-page\" data-elementor-id=\"71\" class=\"elementor elementor-71\" data-elementor-post-type=\"page\">\n\t\t\t\t\t\t<section class=\"elementor-section elementor-top-section elementor-element elementor-element-19bf7af elementor-section-boxed elementor-section-height-default elementor-section-height-default\" data-id=\"19bf7af\" data-element_type=\"section\" data-settings=\"{&quot;background_background&quot;:&quot;classic&quot;}\">\n\t\t\t\t\t\t\t<div class=\"elementor-background-overlay\"><\/div>\n\t\t\t\t\t\t\t<div class=\"elementor-container elementor-column-gap-default\">\n\t\t\t\t\t<div class=\"elementor-column elementor-col-100 elementor-top-column elementor-element elementor-element-fd1798a\" data-id=\"fd1798a\" data-element_type=\"column\">\n\t\t\t<div class=\"elementor-widget-wrap elementor-element-populated\">\n\t\t\t\t\t\t<div class=\"elementor-element elementor-element-7ebc293 elementor-widget elementor-widget-heading\" data-id=\"7ebc293\" data-element_type=\"widget\" data-widget_type=\"heading.default\">\n\t\t\t\t<div class=\"elementor-widget-container\">\n\t\t\t\t\t<h2 class=\"elementor-heading-title elementor-size-default\">Contact us<\/h2>\t\t\t\t<\/div>\n\t\t\t\t<\/div>\n\t\t\t\t<div class=\"elementor-element elementor-element-c6d1608 elementor-widget elementor-widget-text-editor\" data-id=\"c6d1608\" data-element_type=\"widget\" data-widget_type=\"text-editor.default\">\n\t\t\t\t<div class=\"elementor-widget-container\">\n\t\t\t\t\t\t\t\t\tOur strength is that we are able to solve even large sets of needs in a customer-oriented way. \t\t\t\t\t\t\t\t<\/div>\n\t\t\t\t<\/div>\n\t\t\t\t\t<\/div>\n\t\t<\/div>\n\t\t\t\t\t<\/div>\n\t\t<\/section>\n\t\t\t\t<section class=\"elementor-section elementor-top-section elementor-element elementor-element-70d9503 elementor-section-boxed elementor-section-height-default elementor-section-height-default\" data-id=\"70d9503\" data-element_type=\"section\">\n\t\t\t\t\t\t<div class=\"elementor-container elementor-column-gap-default\">\n\t\t\t\t\t<div class=\"elementor-column elementor-col-50 elementor-top-column elementor-element elementor-element-09ae731\" data-id=\"09ae731\" data-element_type=\"column\">\n\t\t\t<div class=\"elementor-widget-wrap elementor-element-populated\">\n\t\t\t\t\t\t<div class=\"elementor-element elementor-element-9bc301c elementor-widget elementor-widget-heading\" data-id=\"9bc301c\" data-element_type=\"widget\" data-widget_type=\"heading.default\">\n\t\t\t\t<div class=\"elementor-widget-container\">\n\t\t\t\t\t<h2 class=\"elementor-heading-title elementor-size-default\">Contact<\/h2>\t\t\t\t<\/div>\n\t\t\t\t<\/div>\n\t\t\t\t<div class=\"elementor-element elementor-element-4356ff4 elementor-button-align-stretch elementor-widget elementor-widget-form\" data-id=\"4356ff4\" data-element_type=\"widget\" data-settings=\"{&quot;step_next_label&quot;:&quot;Next&quot;,&quot;step_previous_label&quot;:&quot;Previous&quot;,&quot;button_width&quot;:&quot;100&quot;,&quot;step_type&quot;:&quot;number_text&quot;,&quot;step_icon_shape&quot;:&quot;circle&quot;}\" data-widget_type=\"form.default\">\n\t\t\t\t<div class=\"elementor-widget-container\">\n\t\t\t\t\t\t\t<form class=\"elementor-form\" method=\"post\" name=\"Yhteydenotto\" action=\"\">\n\t\t\t<input type=\"hidden\" name=\"post_id\" value=\"71\"\/>\n\t\t\t<input type=\"hidden\" name=\"form_id\" value=\"4356ff4\"\/>\n\t\t\t<input type=\"hidden\" name=\"referer_title\" value=\"Da-Team\" \/>\n\n\t\t\t\n\t\t\t<div class=\"elementor-form-fields-wrapper elementor-labels-above\">\n\t\t\t\t\t\t\t\t<div class=\"elementor-field-type-text elementor-field-group elementor-column elementor-field-group-name elementor-col-100 elementor-field-required\">\n\t\t\t\t\t\t\t\t\t\t\t\t<label for=\"form-field-name\" class=\"elementor-field-label\">\n\t\t\t\t\t\t\t\tName\t\t\t\t\t\t\t<\/label>\n\t\t\t\t\t\t\t\t\t\t\t\t\t\t<input size=\"1\" type=\"text\" name=\"form_fields[name]\" id=\"form-field-name\" class=\"elementor-field elementor-size-sm  elementor-field-textual\" placeholder=\"Name\" required=\"required\" aria-required=\"true\">\n\t\t\t\t\t\t\t\t\t\t\t<\/div>\n\t\t\t\t\t\t\t\t<div class=\"elementor-field-type-email elementor-field-group elementor-column elementor-field-group-email elementor-col-100 elementor-field-required\">\n\t\t\t\t\t\t\t\t\t\t\t\t<label for=\"form-field-email\" class=\"elementor-field-label\">\n\t\t\t\t\t\t\t\tEmail\t\t\t\t\t\t\t<\/label>\n\t\t\t\t\t\t\t\t\t\t\t\t\t\t<input size=\"1\" type=\"email\" name=\"form_fields[email]\" id=\"form-field-email\" class=\"elementor-field elementor-size-sm  elementor-field-textual\" placeholder=\"Email\" required=\"required\" aria-required=\"true\">\n\t\t\t\t\t\t\t\t\t\t\t<\/div>\n\t\t\t\t\t\t\t\t<div class=\"elementor-field-type-tel elementor-field-group elementor-column elementor-field-group-field_b01e7cf elementor-col-100 elementor-field-required\">\n\t\t\t\t\t\t\t\t\t\t\t\t<label for=\"form-field-field_b01e7cf\" class=\"elementor-field-label\">\n\t\t\t\t\t\t\t\tPhone number\t\t\t\t\t\t\t<\/label>\n\t\t\t\t\t\t\t\t<input size=\"1\" type=\"tel\" name=\"form_fields[field_b01e7cf]\" id=\"form-field-field_b01e7cf\" class=\"elementor-field elementor-size-sm  elementor-field-textual\" placeholder=\"Phone number\" required=\"required\" aria-required=\"true\" pattern=\"[0-9()#&amp;+*-=.]+\" title=\"Only numbers and phone characters (#, -, *, etc) are accepted.\">\n\n\t\t\t\t\t\t<\/div>\n\t\t\t\t\t\t\t\t<div class=\"elementor-field-type-textarea elementor-field-group elementor-column elementor-field-group-message elementor-col-100\">\n\t\t\t\t\t\t\t\t\t\t\t\t<label for=\"form-field-message\" class=\"elementor-field-label\">\n\t\t\t\t\t\t\t\tMessage\t\t\t\t\t\t\t<\/label>\n\t\t\t\t\t\t<textarea class=\"elementor-field-textual elementor-field  elementor-size-sm\" name=\"form_fields[message]\" id=\"form-field-message\" rows=\"3\" placeholder=\"Message\"><\/textarea>\t\t\t\t<\/div>\n\t\t\t\t\t\t\t\t<div class=\"elementor-field-type-recaptcha_v3 elementor-field-group elementor-column elementor-field-group-field_3891922 elementor-col-100 recaptcha_v3-inline\">\n\t\t\t\t\t<div class=\"elementor-field\" id=\"form-field-field_3891922\"><div class=\"elementor-g-recaptcha\" data-sitekey=\"6Lf_JYwpAAAAAJovkQ8NYfjZTSnobn8gwmM9OhNf\" data-type=\"v3\" data-action=\"Form\" data-badge=\"inline\" data-size=\"invisible\"><\/div><\/div>\t\t\t\t<\/div>\n\t\t\t\t\t\t\t\t<div class=\"elementor-field-group elementor-column elementor-field-type-submit elementor-col-100 e-form__buttons\">\n\t\t\t\t\t<button type=\"submit\" class=\"elementor-button elementor-size-sm\">\n\t\t\t\t\t\t<span >\n\t\t\t\t\t\t\t\t\t\t\t\t\t\t\t<span class=\"elementor-button-icon\">\n\t\t\t\t\t\t\t\t\t\t\t\t\t\t\t\t\t\t\t\t\t\t\t\t\t\t<\/span>\n\t\t\t\t\t\t\t\t\t\t\t\t\t\t\t\t\t\t\t\t\t\t<span class=\"elementor-button-text\">Send<\/span>\n\t\t\t\t\t\t\t\t\t\t\t\t\t<\/span>\n\t\t\t\t\t<\/button>\n\t\t\t\t<\/div>\n\t\t\t<\/div>\n\t\t<input type=\"hidden\" name=\"trp-form-language\" value=\"en\"\/><\/form>\n\t\t\t\t\t\t<\/div>\n\t\t\t\t<\/div>\n\t\t\t\t\t<\/div>\n\t\t<\/div>\n\t\t\t\t<div class=\"elementor-column elementor-col-50 elementor-top-column elementor-element elementor-element-0325e0a\" data-id=\"0325e0a\" data-element_type=\"column\">\n\t\t\t<div class=\"elementor-widget-wrap elementor-element-populated\">\n\t\t\t\t\t\t<div class=\"elementor-element elementor-element-4a6683c elementor-widget elementor-widget-google_maps\" data-id=\"4a6683c\" data-element_type=\"widget\" data-widget_type=\"google_maps.default\">\n\t\t\t\t<div class=\"elementor-widget-container\">\n\t\t\t\t\t\t\t<div class=\"elementor-custom-embed\">\n\t\t\t<iframe\n\t\t\t\t\tdata-src=\"https:\/\/maps.google.com\/maps?q=Sillanp%C3%A4%C3%A4nkatu%205%2C%2024130%20Salo&#038;t=m&#038;z=10&#038;output=embed&#038;iwloc=near\"\n\t\t\t\t\ttitle=\"Sillanp\u00e4\u00e4nkatu 5, 24130 Salo\"\n\t\t\t\t\taria-label=\"Sillanp\u00e4\u00e4nkatu 5, 24130 Salo\"\n\t\t\t src=\"data:image\/svg+xml;base64,PHN2ZyB3aWR0aD0iMSIgaGVpZ2h0PSIxIiB4bWxucz0iaHR0cDovL3d3dy53My5vcmcvMjAwMC9zdmciPjwvc3ZnPg==\" class=\"lazyload\" data-load-mode=\"1\"><\/iframe>\n\t\t<\/div>\n\t\t\t\t\t\t<\/div>\n\t\t\t\t<\/div>\n\t\t\t\t\t<\/div>\n\t\t<\/div>\n\t\t\t\t\t<\/div>\n\t\t<\/section>\n\t\t\t\t<section class=\"elementor-section elementor-top-section elementor-element elementor-element-0c9afb7 elementor-section-boxed elementor-section-height-default elementor-section-height-default\" data-id=\"0c9afb7\" data-element_type=\"section\">\n\t\t\t\t\t\t<div class=\"elementor-container elementor-column-gap-default\">\n\t\t\t\t\t<div class=\"elementor-column elementor-col-100 elementor-top-column elementor-element elementor-element-362c6e5\" data-id=\"362c6e5\" data-element_type=\"column\">\n\t\t\t<div class=\"elementor-widget-wrap elementor-element-populated\">\n\t\t\t\t\t\t<div class=\"elementor-element elementor-element-6cb1c2a elementor-widget elementor-widget-heading\" data-id=\"6cb1c2a\" data-element_type=\"widget\" data-widget_type=\"heading.default\">\n\t\t\t\t<div class=\"elementor-widget-container\">\n\t\t\t\t\t<h2 class=\"elementor-heading-title elementor-size-default\">Contact information<\/h2>\t\t\t\t<\/div>\n\t\t\t\t<\/div>\n\t\t\t\t<section class=\"elementor-section elementor-inner-section elementor-element elementor-element-20fe04f elementor-section-boxed elementor-section-height-default elementor-section-height-default\" data-id=\"20fe04f\" data-element_type=\"section\">\n\t\t\t\t\t\t<div class=\"elementor-container elementor-column-gap-default\">\n\t\t\t\t\t<div class=\"elementor-column elementor-col-50 elementor-inner-column elementor-element elementor-element-28ecc2a elementor-invisible\" data-id=\"28ecc2a\" data-element_type=\"column\" data-settings=\"{&quot;animation&quot;:&quot;fadeIn&quot;}\">\n\t\t\t<div class=\"elementor-widget-wrap elementor-element-populated\">\n\t\t\t\t\t\t<div class=\"elementor-element elementor-element-c851df4 elementor-widget elementor-widget-heading\" data-id=\"c851df4\" data-element_type=\"widget\" data-widget_type=\"heading.default\">\n\t\t\t\t<div class=\"elementor-widget-container\">\n\t\t\t\t\t<h2 class=\"elementor-heading-title elementor-size-default\">Tommi Jokinen<\/h2>\t\t\t\t<\/div>\n\t\t\t\t<\/div>\n\t\t\t\t<div class=\"elementor-element elementor-element-f792b02 elementor-widget elementor-widget-heading\" data-id=\"f792b02\" data-element_type=\"widget\" data-widget_type=\"heading.default\">\n\t\t\t\t<div class=\"elementor-widget-container\">\n\t\t\t\t\t<h2 class=\"elementor-heading-title elementor-size-default\">CEO<\/h2>\t\t\t\t<\/div>\n\t\t\t\t<\/div>\n\t\t\t\t<div class=\"elementor-element elementor-element-7e697e8 elementor-align-center elementor-icon-list--layout-traditional elementor-list-item-link-full_width elementor-widget elementor-widget-icon-list\" data-id=\"7e697e8\" data-element_type=\"widget\" data-widget_type=\"icon-list.default\">\n\t\t\t\t<div class=\"elementor-widget-container\">\n\t\t\t\t\t\t\t<ul class=\"elementor-icon-list-items\">\n\t\t\t\t\t\t\t<li class=\"elementor-icon-list-item\">\n\t\t\t\t\t\t\t\t\t\t\t<a href=\"tel:+358%20440%20743%20354\">\n\n\t\t\t\t\t\t\t\t\t\t\t<span class=\"elementor-icon-list-text\">+358 440 743 354<\/span>\n\t\t\t\t\t\t\t\t\t\t\t<\/a>\n\t\t\t\t\t\t\t\t\t<\/li>\n\t\t\t\t\t\t\t\t<li class=\"elementor-icon-list-item\">\n\t\t\t\t\t\t\t\t\t\t\t<a href=\"mailto:tommi.jokinen@da-team.fi\">\n\n\t\t\t\t\t\t\t\t\t\t\t<span class=\"elementor-icon-list-text\">tommi.jokinen@da-team.fi<\/span>\n\t\t\t\t\t\t\t\t\t\t\t<\/a>\n\t\t\t\t\t\t\t\t\t<\/li>\n\t\t\t\t\t\t<\/ul>\n\t\t\t\t\t\t<\/div>\n\t\t\t\t<\/div>\n\t\t\t\t\t<\/div>\n\t\t<\/div>\n\t\t\t\t<div class=\"elementor-column elementor-col-50 elementor-inner-column elementor-element elementor-element-663765d elementor-invisible\" data-id=\"663765d\" data-element_type=\"column\" data-settings=\"{&quot;animation&quot;:&quot;fadeIn&quot;}\">\n\t\t\t<div class=\"elementor-widget-wrap elementor-element-populated\">\n\t\t\t\t\t\t<div class=\"elementor-element elementor-element-6ce340e elementor-widget elementor-widget-heading\" data-id=\"6ce340e\" data-element_type=\"widget\" data-widget_type=\"heading.default\">\n\t\t\t\t<div class=\"elementor-widget-container\">\n\t\t\t\t\t<h2 class=\"elementor-heading-title elementor-size-default\">\nVisiting address<\/h2>\t\t\t\t<\/div>\n\t\t\t\t<\/div>\n\t\t\t\t<div class=\"elementor-element elementor-element-d72821b elementor-widget elementor-widget-heading\" data-id=\"d72821b\" data-element_type=\"widget\" data-widget_type=\"heading.default\">\n\t\t\t\t<div class=\"elementor-widget-container\">\n\t\t\t\t\t<h2 class=\"elementor-heading-title elementor-size-default\">DA-TEAM OY<\/h2>\t\t\t\t<\/div>\n\t\t\t\t<\/div>\n\t\t\t\t<div class=\"elementor-element elementor-element-84420e7 elementor-align-center elementor-icon-list--layout-traditional elementor-list-item-link-full_width elementor-widget elementor-widget-icon-list\" data-id=\"84420e7\" data-element_type=\"widget\" data-widget_type=\"icon-list.default\">\n\t\t\t\t<div class=\"elementor-widget-container\">\n\t\t\t\t\t\t\t<ul class=\"elementor-icon-list-items\">\n\t\t\t\t\t\t\t<li class=\"elementor-icon-list-item\">\n\t\t\t\t\t\t\t\t\t\t<span class=\"elementor-icon-list-text\">Sillanp\u00e4\u00e4nkatu 5, 24130 Salo<\/span>\n\t\t\t\t\t\t\t\t\t<\/li>\n\t\t\t\t\t\t\t\t<li class=\"elementor-icon-list-item\">\n\t\t\t\t\t\t\t\t\t\t<span class=\"elementor-icon-list-text\">Business ID: 2290999-5<\/span>\n\t\t\t\t\t\t\t\t\t<\/li>\n\t\t\t\t\t\t<\/ul>\n\t\t\t\t\t\t<\/div>\n\t\t\t\t<\/div>\n\t\t\t\t\t<\/div>\n\t\t<\/div>\n\t\t\t\t\t<\/div>\n\t\t<\/section>\n\t\t\t\t\t<\/div>\n\t\t<\/div>\n\t\t\t\t\t<\/div>\n\t\t<\/section>\n\t\t\t\t<\/div>","protected":false},"excerpt":{"rendered":"<p>Yhteydenotto Vahvuutemme on, ett\u00e4 pystymme ratkaisemaan suuriakin tarvekokonaisuuksia asiakasl\u00e4ht\u00f6isesti. Yhteydenottolomake Yhteystiedot Tommi Jokinen Toimitusjohtaja +358 440 743 354 tommi.jokinen@da-team.fi K\u00e4yntiosoite [&hellip;]<\/p>","protected":false},"author":1,"featured_media":233,"parent":0,"menu_order":0,"comment_status":"closed","ping_status":"closed","template":"elementor_header_footer","meta":{"site-sidebar-layout":"no-sidebar","site-content-layout":"","ast-site-content-layout":"full-width-container","site-content-style":"default","site-sidebar-style":"default","ast-global-header-display":"","ast-banner-title-visibility":"","ast-main-header-display":"","ast-hfb-above-header-display":"","ast-hfb-below-header-display":"","ast-hfb-mobile-header-display":"","site-post-title":"disabled","ast-breadcrumbs-content":"","ast-featured-img":"disabled","footer-sml-layout":"","theme-transparent-header-meta":"","adv-header-id-meta":"","stick-header-meta":"","header-above-stick-meta":"","header-main-stick-meta":"","header-below-stick-meta":"","astra-migrate-meta-layouts":"default","ast-page-background-enabled":"default","ast-page-background-meta":{"desktop":{"background-color":"var(--ast-global-color-4)","background-image":"","background-repeat":"repeat","background-position":"center center","background-size":"auto","background-attachment":"scroll","background-type":"","background-media":"","overlay-type":"","overlay-color":"","overlay-gradient":""},"tablet":{"background-color":"","background-image":"","background-repeat":"repeat","background-position":"center center","background-size":"auto","background-attachment":"scroll","background-type":"","background-media":"","overlay-type":"","overlay-color":"","overlay-gradient":""},"mobile":{"background-color":"","background-image":"","background-repeat":"repeat","background-position":"center center","background-size":"auto","background-attachment":"scroll","background-type":"","background-media":"","overlay-type":"","overlay-color":"","overlay-gradient":""}},"ast-content-background-meta":{"desktop":{"background-color":"var(--ast-global-color-5)","background-image":"","background-repeat":"repeat","background-position":"center center","background-size":"auto","background-attachment":"scroll","background-type":"","background-media":"","overlay-type":"","overlay-color":"","overlay-gradient":""},"tablet":{"background-color":"var(--ast-global-color-5)","background-image":"","background-repeat":"repeat","background-position":"center center","background-size":"auto","background-attachment":"scroll","background-type":"","background-media":"","overlay-type":"","overlay-color":"","overlay-gradient":""},"mobile":{"background-color":"var(--ast-global-color-5)","background-image":"","background-repeat":"repeat","background-position":"center center","background-size":"auto","background-attachment":"scroll","background-type":"","background-media":"","overlay-type":"","overlay-color":"","overlay-gradient":""}},"footnotes":""},"class_list":["post-71","page","type-page","status-publish","has-post-thumbnail","hentry"],"yoast_head":"<!-- This site is optimized with the Yoast SEO plugin v25.8 - https:\/\/yoast.com\/wordpress\/plugins\/seo\/ -->\n<title>Yhteydenotto | DA-Team | Pyyd\u00e4 tarjous<\/title>\n<meta name=\"description\" content=\"Vahvuutemme on, ett\u00e4 pystymme ratkaisemaan suuriakin tarvekokonaisuuksia asiakasl\u00e4ht\u00f6isesti. Pyyd\u00e4 rohkeasti tarjousta!\" \/>\n<meta name=\"robots\" content=\"index, follow, max-snippet:-1, max-image-preview:large, max-video-preview:-1\" \/>\n<link rel=\"canonical\" href=\"https:\/\/da-team.fi\/en\/yhteydenotto\/\" \/>\n<meta property=\"og:locale\" content=\"en_GB\" \/>\n<meta property=\"og:type\" content=\"article\" \/>\n<meta property=\"og:title\" content=\"Yhteydenotto | DA-Team | Pyyd\u00e4 tarjous\" \/>\n<meta property=\"og:description\" content=\"Vahvuutemme on, ett\u00e4 pystymme ratkaisemaan suuriakin tarvekokonaisuuksia asiakasl\u00e4ht\u00f6isesti. Pyyd\u00e4 rohkeasti tarjousta!\" \/>\n<meta property=\"og:url\" content=\"https:\/\/da-team.fi\/en\/yhteydenotto\/\" \/>\n<meta property=\"og:site_name\" content=\"Da-Team\" \/>\n<meta property=\"article:modified_time\" content=\"2025-06-09T12:00:17+00:00\" \/>\n<meta property=\"og:image\" content=\"https:\/\/da-team.fi\/wp-content\/uploads\/2024\/01\/vecteezy_production-line-of-the-factory-for-the-production-of-robots_25500427-min-scaled.jpg\" \/>\n\t<meta property=\"og:image:width\" content=\"2560\" \/>\n\t<meta property=\"og:image:height\" content=\"1707\" \/>\n\t<meta property=\"og:image:type\" content=\"image\/jpeg\" \/>\n<meta name=\"twitter:card\" content=\"summary_large_image\" \/>\n<meta name=\"twitter:label1\" content=\"Estimated reading time\" \/>\n\t<meta name=\"twitter:data1\" content=\"1 minute\" \/>\n<script type=\"application\/ld+json\" class=\"yoast-schema-graph\">{\"@context\":\"https:\/\/schema.org\",\"@graph\":[{\"@type\":\"WebPage\",\"@id\":\"https:\/\/da-team.fi\/yhteydenotto\/\",\"url\":\"https:\/\/da-team.fi\/yhteydenotto\/\",\"name\":\"Yhteydenotto | DA-Team | Pyyd\u00e4 tarjous\",\"isPartOf\":{\"@id\":\"https:\/\/da-team.fi\/#website\"},\"primaryImageOfPage\":{\"@id\":\"https:\/\/da-team.fi\/yhteydenotto\/#primaryimage\"},\"image\":{\"@id\":\"https:\/\/da-team.fi\/yhteydenotto\/#primaryimage\"},\"thumbnailUrl\":\"https:\/\/da-team.fi\/wp-content\/uploads\/2024\/01\/vecteezy_production-line-of-the-factory-for-the-production-of-robots_25500427-min-scaled.jpg\",\"datePublished\":\"2024-01-08T10:38:29+00:00\",\"dateModified\":\"2025-06-09T12:00:17+00:00\",\"description\":\"Vahvuutemme on, ett\u00e4 pystymme ratkaisemaan suuriakin tarvekokonaisuuksia asiakasl\u00e4ht\u00f6isesti. Pyyd\u00e4 rohkeasti tarjousta!\",\"breadcrumb\":{\"@id\":\"https:\/\/da-team.fi\/yhteydenotto\/#breadcrumb\"},\"inLanguage\":\"en-GB\",\"potentialAction\":[{\"@type\":\"ReadAction\",\"target\":[\"https:\/\/da-team.fi\/yhteydenotto\/\"]}]},{\"@type\":\"ImageObject\",\"inLanguage\":\"en-GB\",\"@id\":\"https:\/\/da-team.fi\/yhteydenotto\/#primaryimage\",\"url\":\"https:\/\/da-team.fi\/wp-content\/uploads\/2024\/01\/vecteezy_production-line-of-the-factory-for-the-production-of-robots_25500427-min-scaled.jpg\",\"contentUrl\":\"https:\/\/da-team.fi\/wp-content\/uploads\/2024\/01\/vecteezy_production-line-of-the-factory-for-the-production-of-robots_25500427-min-scaled.jpg\",\"width\":2560,\"height\":1707},{\"@type\":\"BreadcrumbList\",\"@id\":\"https:\/\/da-team.fi\/yhteydenotto\/#breadcrumb\",\"itemListElement\":[{\"@type\":\"ListItem\",\"position\":1,\"name\":\"Etusivu\",\"item\":\"https:\/\/da-team.fi\/\"},{\"@type\":\"ListItem\",\"position\":2,\"name\":\"Yhteydenotto\"}]},{\"@type\":\"WebSite\",\"@id\":\"https:\/\/da-team.fi\/#website\",\"url\":\"https:\/\/da-team.fi\/\",\"name\":\"Da-Team\",\"description\":\"\",\"publisher\":{\"@id\":\"https:\/\/da-team.fi\/#organization\"},\"potentialAction\":[{\"@type\":\"SearchAction\",\"target\":{\"@type\":\"EntryPoint\",\"urlTemplate\":\"https:\/\/da-team.fi\/?s={search_term_string}\"},\"query-input\":{\"@type\":\"PropertyValueSpecification\",\"valueRequired\":true,\"valueName\":\"search_term_string\"}}],\"inLanguage\":\"en-GB\"},{\"@type\":\"Organization\",\"@id\":\"https:\/\/da-team.fi\/#organization\",\"name\":\"Da-Team\",\"url\":\"https:\/\/da-team.fi\/\",\"logo\":{\"@type\":\"ImageObject\",\"inLanguage\":\"en-GB\",\"@id\":\"https:\/\/da-team.fi\/#\/schema\/logo\/image\/\",\"url\":\"https:\/\/da-team.fi\/wp-content\/uploads\/2024\/01\/FI_Co-fundedbytheEU_RGB_POS.png\",\"contentUrl\":\"https:\/\/da-team.fi\/wp-content\/uploads\/2024\/01\/FI_Co-fundedbytheEU_RGB_POS.png\",\"width\":3868,\"height\":919,\"caption\":\"Da-Team\"},\"image\":{\"@id\":\"https:\/\/da-team.fi\/#\/schema\/logo\/image\/\"}}]}<\/script>\n<!-- \/ Yoast SEO plugin. -->","yoast_head_json":{"title":"Yhteydenotto | DA-Team | Pyyd\u00e4 tarjous","description":"Vahvuutemme on, ett\u00e4 pystymme ratkaisemaan suuriakin tarvekokonaisuuksia asiakasl\u00e4ht\u00f6isesti. Pyyd\u00e4 rohkeasti tarjousta!","robots":{"index":"index","follow":"follow","max-snippet":"max-snippet:-1","max-image-preview":"max-image-preview:large","max-video-preview":"max-video-preview:-1"},"canonical":"https:\/\/da-team.fi\/en\/yhteydenotto\/","og_locale":"en_GB","og_type":"article","og_title":"Yhteydenotto | DA-Team | Pyyd\u00e4 tarjous","og_description":"Vahvuutemme on, ett\u00e4 pystymme ratkaisemaan suuriakin tarvekokonaisuuksia asiakasl\u00e4ht\u00f6isesti. Pyyd\u00e4 rohkeasti tarjousta!","og_url":"https:\/\/da-team.fi\/en\/yhteydenotto\/","og_site_name":"Da-Team","article_modified_time":"2025-06-09T12:00:17+00:00","og_image":[{"width":2560,"height":1707,"url":"https:\/\/da-team.fi\/wp-content\/uploads\/2024\/01\/vecteezy_production-line-of-the-factory-for-the-production-of-robots_25500427-min-scaled.jpg","type":"image\/jpeg"}],"twitter_card":"summary_large_image","twitter_misc":{"Estimated reading time":"1 minute"},"schema":{"@context":"https:\/\/schema.org","@graph":[{"@type":"WebPage","@id":"https:\/\/da-team.fi\/yhteydenotto\/","url":"https:\/\/da-team.fi\/yhteydenotto\/","name":"Yhteydenotto | DA-Team | Pyyd\u00e4 tarjous","isPartOf":{"@id":"https:\/\/da-team.fi\/#website"},"primaryImageOfPage":{"@id":"https:\/\/da-team.fi\/yhteydenotto\/#primaryimage"},"image":{"@id":"https:\/\/da-team.fi\/yhteydenotto\/#primaryimage"},"thumbnailUrl":"https:\/\/da-team.fi\/wp-content\/uploads\/2024\/01\/vecteezy_production-line-of-the-factory-for-the-production-of-robots_25500427-min-scaled.jpg","datePublished":"2024-01-08T10:38:29+00:00","dateModified":"2025-06-09T12:00:17+00:00","description":"Vahvuutemme on, ett\u00e4 pystymme ratkaisemaan suuriakin tarvekokonaisuuksia asiakasl\u00e4ht\u00f6isesti. Pyyd\u00e4 rohkeasti tarjousta!","breadcrumb":{"@id":"https:\/\/da-team.fi\/yhteydenotto\/#breadcrumb"},"inLanguage":"en-GB","potentialAction":[{"@type":"ReadAction","target":["https:\/\/da-team.fi\/yhteydenotto\/"]}]},{"@type":"ImageObject","inLanguage":"en-GB","@id":"https:\/\/da-team.fi\/yhteydenotto\/#primaryimage","url":"https:\/\/da-team.fi\/wp-content\/uploads\/2024\/01\/vecteezy_production-line-of-the-factory-for-the-production-of-robots_25500427-min-scaled.jpg","contentUrl":"https:\/\/da-team.fi\/wp-content\/uploads\/2024\/01\/vecteezy_production-line-of-the-factory-for-the-production-of-robots_25500427-min-scaled.jpg","width":2560,"height":1707},{"@type":"BreadcrumbList","@id":"https:\/\/da-team.fi\/yhteydenotto\/#breadcrumb","itemListElement":[{"@type":"ListItem","position":1,"name":"Etusivu","item":"https:\/\/da-team.fi\/"},{"@type":"ListItem","position":2,"name":"Yhteydenotto"}]},{"@type":"WebSite","@id":"https:\/\/da-team.fi\/#website","url":"https:\/\/da-team.fi\/","name":"Da-Team","description":"","publisher":{"@id":"https:\/\/da-team.fi\/#organization"},"potentialAction":[{"@type":"SearchAction","target":{"@type":"EntryPoint","urlTemplate":"https:\/\/da-team.fi\/?s={search_term_string}"},"query-input":{"@type":"PropertyValueSpecification","valueRequired":true,"valueName":"search_term_string"}}],"inLanguage":"en-GB"},{"@type":"Organization","@id":"https:\/\/da-team.fi\/#organization","name":"Da-Team","url":"https:\/\/da-team.fi\/","logo":{"@type":"ImageObject","inLanguage":"en-GB","@id":"https:\/\/da-team.fi\/#\/schema\/logo\/image\/","url":"https:\/\/da-team.fi\/wp-content\/uploads\/2024\/01\/FI_Co-fundedbytheEU_RGB_POS.png","contentUrl":"https:\/\/da-team.fi\/wp-content\/uploads\/2024\/01\/FI_Co-fundedbytheEU_RGB_POS.png","width":3868,"height":919,"caption":"Da-Team"},"image":{"@id":"https:\/\/da-team.fi\/#\/schema\/logo\/image\/"}}]}},"_links":{"self":[{"href":"https:\/\/da-team.fi\/en\/wp-json\/wp\/v2\/pages\/71","targetHints":{"allow":["GET"]}}],"collection":[{"href":"https:\/\/da-team.fi\/en\/wp-json\/wp\/v2\/pages"}],"about":[{"href":"https:\/\/da-team.fi\/en\/wp-json\/wp\/v2\/types\/page"}],"author":[{"embeddable":true,"href":"https:\/\/da-team.fi\/en\/wp-json\/wp\/v2\/users\/1"}],"replies":[{"embeddable":true,"href":"https:\/\/da-team.fi\/en\/wp-json\/wp\/v2\/comments?post=71"}],"version-history":[{"count":43,"href":"https:\/\/da-team.fi\/en\/wp-json\/wp\/v2\/pages\/71\/revisions"}],"predecessor-version":[{"id":539,"href":"https:\/\/da-team.fi\/en\/wp-json\/wp\/v2\/pages\/71\/revisions\/539"}],"wp:featuredmedia":[{"embeddable":true,"href":"https:\/\/da-team.fi\/en\/wp-json\/wp\/v2\/media\/233"}],"wp:attachment":[{"href":"https:\/\/da-team.fi\/en\/wp-json\/wp\/v2\/media?parent=71"}],"curies":[{"name":"wp","href":"https:\/\/api.w.org\/{rel}","templated":true}]}}