{"id":61,"date":"2024-01-08T10:37:30","date_gmt":"2024-01-08T10:37:30","guid":{"rendered":"https:\/\/da-team.fi\/?page_id=61"},"modified":"2025-08-27T10:01:20","modified_gmt":"2025-08-27T08:01:20","slug":"yritys","status":"publish","type":"page","link":"https:\/\/da-team.fi\/en\/yritys\/","title":{"rendered":"Company"},"content":{"rendered":"<div data-elementor-type=\"wp-page\" data-elementor-id=\"61\" class=\"elementor elementor-61\" data-elementor-post-type=\"page\">\n\t\t\t\t\t\t<section class=\"elementor-section elementor-top-section elementor-element elementor-element-bcb9165 elementor-section-boxed elementor-section-height-default elementor-section-height-default\" data-id=\"bcb9165\" data-element_type=\"section\" data-settings=\"{&quot;background_background&quot;:&quot;classic&quot;}\">\n\t\t\t\t\t\t\t<div class=\"elementor-background-overlay\"><\/div>\n\t\t\t\t\t\t\t<div class=\"elementor-container elementor-column-gap-default\">\n\t\t\t\t\t<div class=\"elementor-column elementor-col-100 elementor-top-column elementor-element elementor-element-10216b4\" data-id=\"10216b4\" data-element_type=\"column\">\n\t\t\t<div class=\"elementor-widget-wrap elementor-element-populated\">\n\t\t\t\t\t\t<div class=\"elementor-element elementor-element-d96156e elementor-widget elementor-widget-heading\" data-id=\"d96156e\" data-element_type=\"widget\" data-widget_type=\"heading.default\">\n\t\t\t\t<div class=\"elementor-widget-container\">\n\t\t\t\t\t<h2 class=\"elementor-heading-title elementor-size-default\">Company<\/h2>\t\t\t\t<\/div>\n\t\t\t\t<\/div>\n\t\t\t\t\t<\/div>\n\t\t<\/div>\n\t\t\t\t\t<\/div>\n\t\t<\/section>\n\t\t\t\t<section class=\"elementor-section elementor-top-section elementor-element elementor-element-2e5cdf7 elementor-section-boxed elementor-section-height-default elementor-section-height-default\" data-id=\"2e5cdf7\" data-element_type=\"section\">\n\t\t\t\t\t\t<div class=\"elementor-container elementor-column-gap-default\">\n\t\t\t\t\t<div class=\"elementor-column elementor-col-100 elementor-top-column elementor-element elementor-element-fe48fb9 elementor-invisible\" data-id=\"fe48fb9\" data-element_type=\"column\" data-settings=\"{&quot;animation&quot;:&quot;fadeIn&quot;}\">\n\t\t\t<div class=\"elementor-widget-wrap elementor-element-populated\">\n\t\t\t\t\t\t<div class=\"elementor-element elementor-element-c03a002 elementor-widget elementor-widget-heading\" data-id=\"c03a002\" data-element_type=\"widget\" data-widget_type=\"heading.default\">\n\t\t\t\t<div class=\"elementor-widget-container\">\n\t\t\t\t\t<h2 class=\"elementor-heading-title elementor-size-default\">About us<\/h2>\t\t\t\t<\/div>\n\t\t\t\t<\/div>\n\t\t\t\t<div class=\"elementor-element elementor-element-4421a6f elementor-widget elementor-widget-text-editor\" data-id=\"4421a6f\" data-element_type=\"widget\" data-widget_type=\"text-editor.default\">\n\t\t\t\t<div class=\"elementor-widget-container\">\n\t\t\t\t\t\t\t\t\tDA-Team is an automation and robotics specialist with extensive experience and expertise in the field. We have been working in the field for 25 years, with a team of four people and a large network of partners. Each member of our team is a top expert in their field and dedicated to their work. Our goal is to provide high quality and efficient solutions that meet our customers' exact requirements.\n\t\t\t\t\t\t\t\t<\/div>\n\t\t\t\t<\/div>\n\t\t\t\t<div class=\"elementor-element elementor-element-d43ceca elementor-align-left elementor-mobile-align-center elementor-widget elementor-widget-button\" data-id=\"d43ceca\" data-element_type=\"widget\" data-widget_type=\"button.default\">\n\t\t\t\t<div class=\"elementor-widget-container\">\n\t\t\t\t\t\t\t\t\t<div class=\"elementor-button-wrapper\">\n\t\t\t\t\t<a class=\"elementor-button elementor-button-link elementor-size-sm elementor-animation-shrink\" href=\"https:\/\/da-team.fi\/en\/yhteydenotto\/\">\n\t\t\t\t\t\t<span class=\"elementor-button-content-wrapper\">\n\t\t\t\t\t\t\t\t\t<span class=\"elementor-button-text\">Contact us<\/span>\n\t\t\t\t\t<\/span>\n\t\t\t\t\t<\/a>\n\t\t\t\t<\/div>\n\t\t\t\t\t\t\t\t<\/div>\n\t\t\t\t<\/div>\n\t\t\t\t\t<\/div>\n\t\t<\/div>\n\t\t\t\t\t<\/div>\n\t\t<\/section>\n\t\t\t\t<section class=\"elementor-section elementor-top-section elementor-element elementor-element-cec608d elementor-section-boxed elementor-section-height-default elementor-section-height-default\" data-id=\"cec608d\" data-element_type=\"section\">\n\t\t\t\t\t\t<div class=\"elementor-container elementor-column-gap-default\">\n\t\t\t\t\t<div class=\"elementor-column elementor-col-50 elementor-top-column elementor-element elementor-element-44d1be1 elementor-invisible\" data-id=\"44d1be1\" data-element_type=\"column\" data-settings=\"{&quot;background_background&quot;:&quot;classic&quot;,&quot;animation&quot;:&quot;fadeIn&quot;}\">\n\t\t\t<div class=\"elementor-widget-wrap elementor-element-populated\">\n\t\t\t\t\t\t<div class=\"elementor-element elementor-element-3fee5b6 elementor-widget elementor-widget-spacer\" data-id=\"3fee5b6\" data-element_type=\"widget\" data-widget_type=\"spacer.default\">\n\t\t\t\t<div class=\"elementor-widget-container\">\n\t\t\t\t\t\t\t<div class=\"elementor-spacer\">\n\t\t\t<div class=\"elementor-spacer-inner\"><\/div>\n\t\t<\/div>\n\t\t\t\t\t\t<\/div>\n\t\t\t\t<\/div>\n\t\t\t\t\t<\/div>\n\t\t<\/div>\n\t\t\t\t<div class=\"elementor-column elementor-col-50 elementor-top-column elementor-element elementor-element-e7af313 elementor-invisible\" data-id=\"e7af313\" data-element_type=\"column\" data-settings=\"{&quot;animation&quot;:&quot;fadeIn&quot;,&quot;background_background&quot;:&quot;classic&quot;}\">\n\t\t\t<div class=\"elementor-widget-wrap elementor-element-populated\">\n\t\t\t\t\t\t<div class=\"elementor-element elementor-element-2cae73e elementor-widget elementor-widget-heading\" data-id=\"2cae73e\" data-element_type=\"widget\" data-widget_type=\"heading.default\">\n\t\t\t\t<div class=\"elementor-widget-container\">\n\t\t\t\t\t<h2 class=\"elementor-heading-title elementor-size-default translation-block\">DA-Team - over 25 years of <br>experience in the industry<\/h2>\t\t\t\t<\/div>\n\t\t\t\t<\/div>\n\t\t\t\t<div class=\"elementor-element elementor-element-0cb3a38 elementor-widget elementor-widget-text-editor\" data-id=\"0cb3a38\" data-element_type=\"widget\" data-widget_type=\"text-editor.default\">\n\t\t\t\t<div class=\"elementor-widget-container\">\n\t\t\t\t\t\t\t\t\t<p>We are a multidisciplinary team and our team includes an engineer, an automation engineer, a software engineer and a technical engineer.<\/p><p>We are experts in an area that is an integral part of many companies' daily operations. Automation and robotics play a key role in streamlining business processes and improving the quality of products or services.<\/p><p>We understand that implementing automation and developing robotic solutions can seem challenging. That's why we offer a comprehensive service to help you every step of the way - from design to implementation and maintenance.<\/p>\t\t\t\t\t\t\t\t<\/div>\n\t\t\t\t<\/div>\n\t\t\t\t<div class=\"elementor-element elementor-element-f8949fb elementor-align-left elementor-mobile-align-center elementor-widget elementor-widget-button\" data-id=\"f8949fb\" data-element_type=\"widget\" data-widget_type=\"button.default\">\n\t\t\t\t<div class=\"elementor-widget-container\">\n\t\t\t\t\t\t\t\t\t<div class=\"elementor-button-wrapper\">\n\t\t\t\t\t<a class=\"elementor-button elementor-button-link elementor-size-sm elementor-animation-shrink\" href=\"https:\/\/da-team.fi\/en\/palvelut\/\">\n\t\t\t\t\t\t<span class=\"elementor-button-content-wrapper\">\n\t\t\t\t\t\t\t\t\t<span class=\"elementor-button-text\">Explore the services<\/span>\n\t\t\t\t\t<\/span>\n\t\t\t\t\t<\/a>\n\t\t\t\t<\/div>\n\t\t\t\t\t\t\t\t<\/div>\n\t\t\t\t<\/div>\n\t\t\t\t\t<\/div>\n\t\t<\/div>\n\t\t\t\t\t<\/div>\n\t\t<\/section>\n\t\t\t\t<section class=\"elementor-section elementor-top-section elementor-element elementor-element-f6dff10 elementor-section-boxed elementor-section-height-default elementor-section-height-default\" data-id=\"f6dff10\" data-element_type=\"section\">\n\t\t\t\t\t\t<div class=\"elementor-container elementor-column-gap-default\">\n\t\t\t\t\t<div class=\"elementor-column elementor-col-50 elementor-top-column elementor-element elementor-element-e467119 elementor-invisible\" data-id=\"e467119\" data-element_type=\"column\" data-settings=\"{&quot;background_background&quot;:&quot;classic&quot;,&quot;animation&quot;:&quot;fadeIn&quot;}\">\n\t\t\t<div class=\"elementor-widget-wrap elementor-element-populated\">\n\t\t\t\t\t\t<div class=\"elementor-element elementor-element-a5e0e96 elementor-widget elementor-widget-spacer\" data-id=\"a5e0e96\" data-element_type=\"widget\" data-widget_type=\"spacer.default\">\n\t\t\t\t<div class=\"elementor-widget-container\">\n\t\t\t\t\t\t\t<div class=\"elementor-spacer\">\n\t\t\t<div class=\"elementor-spacer-inner\"><\/div>\n\t\t<\/div>\n\t\t\t\t\t\t<\/div>\n\t\t\t\t<\/div>\n\t\t\t\t\t<\/div>\n\t\t<\/div>\n\t\t\t\t<div class=\"elementor-column elementor-col-50 elementor-top-column elementor-element elementor-element-611fa84 elementor-invisible\" data-id=\"611fa84\" data-element_type=\"column\" data-settings=\"{&quot;animation&quot;:&quot;fadeIn&quot;,&quot;background_background&quot;:&quot;classic&quot;}\">\n\t\t\t<div class=\"elementor-widget-wrap elementor-element-populated\">\n\t\t\t\t\t\t<div class=\"elementor-element elementor-element-8effb49 elementor-widget elementor-widget-heading\" data-id=\"8effb49\" data-element_type=\"widget\" data-widget_type=\"heading.default\">\n\t\t\t\t<div class=\"elementor-widget-container\">\n\t\t\t\t\t<h2 class=\"elementor-heading-title elementor-size-default\">DA-Team - Office\n<\/h2>\t\t\t\t<\/div>\n\t\t\t\t<\/div>\n\t\t\t\t<div class=\"elementor-element elementor-element-32b83bb elementor-widget elementor-widget-text-editor\" data-id=\"32b83bb\" data-element_type=\"widget\" data-widget_type=\"text-editor.default\">\n\t\t\t\t<div class=\"elementor-widget-container\">\n\t\t\t\t\t\t\t\t\t<p>In late 2023, we purchased an unused building from the Salo Parish, built in 1989. The building served as a parish home, a woodworking workshop, and a daycare center. With minor changes, we got a unit that was just right for us. 650 square meters, on two floors.<\/p>\t\t\t\t\t\t\t\t<\/div>\n\t\t\t\t<\/div>\n\t\t\t\t\t<\/div>\n\t\t<\/div>\n\t\t\t\t\t<\/div>\n\t\t<\/section>\n\t\t\t\t<section class=\"elementor-section elementor-top-section elementor-element elementor-element-eb37163 elementor-section-boxed elementor-section-height-default elementor-section-height-default\" data-id=\"eb37163\" data-element_type=\"section\">\n\t\t\t\t\t\t<div class=\"elementor-container elementor-column-gap-default\">\n\t\t\t\t\t<div class=\"elementor-column elementor-col-100 elementor-top-column elementor-element elementor-element-ba4524b\" data-id=\"ba4524b\" data-element_type=\"column\">\n\t\t\t<div class=\"elementor-widget-wrap\">\n\t\t\t\t\t\t\t<\/div>\n\t\t<\/div>\n\t\t\t\t\t<\/div>\n\t\t<\/section>\n\t\t\t\t<section class=\"elementor-section elementor-top-section elementor-element elementor-element-1c22585 elementor-section-boxed elementor-section-height-default elementor-section-height-default\" data-id=\"1c22585\" data-element_type=\"section\" data-settings=\"{&quot;background_background&quot;:&quot;classic&quot;}\">\n\t\t\t\t\t\t\t<div class=\"elementor-background-overlay\"><\/div>\n\t\t\t\t\t\t\t<div class=\"elementor-container elementor-column-gap-default\">\n\t\t\t\t\t<div class=\"elementor-column elementor-col-50 elementor-top-column elementor-element elementor-element-9bee24e\" data-id=\"9bee24e\" data-element_type=\"column\">\n\t\t\t<div class=\"elementor-widget-wrap elementor-element-populated\">\n\t\t\t\t\t\t<div class=\"elementor-element elementor-element-7fee73f elementor-widget elementor-widget-heading\" data-id=\"7fee73f\" data-element_type=\"widget\" data-widget_type=\"heading.default\">\n\t\t\t\t<div class=\"elementor-widget-container\">\n\t\t\t\t\t<h2 class=\"elementor-heading-title elementor-size-default\">Request an offer<\/h2>\t\t\t\t<\/div>\n\t\t\t\t<\/div>\n\t\t\t\t\t<\/div>\n\t\t<\/div>\n\t\t\t\t<div class=\"elementor-column elementor-col-50 elementor-top-column elementor-element elementor-element-537a056\" data-id=\"537a056\" data-element_type=\"column\">\n\t\t\t<div class=\"elementor-widget-wrap elementor-element-populated\">\n\t\t\t\t\t\t<div class=\"elementor-element elementor-element-673cfc9 elementor-widget elementor-widget-text-editor\" data-id=\"673cfc9\" data-element_type=\"widget\" data-widget_type=\"text-editor.default\">\n\t\t\t\t<div class=\"elementor-widget-container\">\n\t\t\t\t\t\t\t\t\tOur strength is that we are able to solve even large sets of needs in a customer-oriented way. Automation and robotics make work more efficient, saving money and giving you a competitive edge.\n\t\t\t\t\t\t\t\t<\/div>\n\t\t\t\t<\/div>\n\t\t\t\t<div class=\"elementor-element elementor-element-651770a elementor-align-left elementor-mobile-align-center elementor-widget elementor-widget-button\" data-id=\"651770a\" data-element_type=\"widget\" data-widget_type=\"button.default\">\n\t\t\t\t<div class=\"elementor-widget-container\">\n\t\t\t\t\t\t\t\t\t<div class=\"elementor-button-wrapper\">\n\t\t\t\t\t<a class=\"elementor-button elementor-button-link elementor-size-sm elementor-animation-shrink\" href=\"https:\/\/da-team.fi\/en\/yhteydenotto\/\">\n\t\t\t\t\t\t<span class=\"elementor-button-content-wrapper\">\n\t\t\t\t\t\t\t\t\t<span class=\"elementor-button-text\">Contact us<\/span>\n\t\t\t\t\t<\/span>\n\t\t\t\t\t<\/a>\n\t\t\t\t<\/div>\n\t\t\t\t\t\t\t\t<\/div>\n\t\t\t\t<\/div>\n\t\t\t\t\t<\/div>\n\t\t<\/div>\n\t\t\t\t\t<\/div>\n\t\t<\/section>\n\t\t\t\t<section class=\"elementor-section elementor-top-section elementor-element elementor-element-5903a7c elementor-section-boxed elementor-section-height-default elementor-section-height-default\" data-id=\"5903a7c\" data-element_type=\"section\">\n\t\t\t\t\t\t<div class=\"elementor-container elementor-column-gap-default\">\n\t\t\t\t\t<div class=\"elementor-column elementor-col-100 elementor-top-column elementor-element elementor-element-b366704\" data-id=\"b366704\" data-element_type=\"column\">\n\t\t\t<div class=\"elementor-widget-wrap elementor-element-populated\">\n\t\t\t\t\t\t<div class=\"elementor-element elementor-element-34e1566 elementor-widget-divider--view-line elementor-widget elementor-widget-divider\" data-id=\"34e1566\" data-element_type=\"widget\" data-widget_type=\"divider.default\">\n\t\t\t\t<div class=\"elementor-widget-container\">\n\t\t\t\t\t\t\t<div class=\"elementor-divider\">\n\t\t\t<span class=\"elementor-divider-separator\">\n\t\t\t\t\t\t<\/span>\n\t\t<\/div>\n\t\t\t\t\t\t<\/div>\n\t\t\t\t<\/div>\n\t\t\t\t\t<\/div>\n\t\t<\/div>\n\t\t\t\t\t<\/div>\n\t\t<\/section>\n\t\t\t\t<\/div>","protected":false},"excerpt":{"rendered":"<p>Yritys Tietoa meist\u00e4 DA-Team on automaation ja robotiikan asiantuntija, jolla on laaja kokemus ja asiantuntemus alalta. Olemme toimineet alalla jo [&hellip;]<\/p>","protected":false},"author":1,"featured_media":20,"parent":0,"menu_order":0,"comment_status":"closed","ping_status":"closed","template":"","meta":{"site-sidebar-layout":"no-sidebar","site-content-layout":"","ast-site-content-layout":"full-width-container","site-content-style":"default","site-sidebar-style":"default","ast-global-header-display":"","ast-banner-title-visibility":"","ast-main-header-display":"","ast-hfb-above-header-display":"","ast-hfb-below-header-display":"","ast-hfb-mobile-header-display":"","site-post-title":"disabled","ast-breadcrumbs-content":"","ast-featured-img":"disabled","footer-sml-layout":"","theme-transparent-header-meta":"","adv-header-id-meta":"","stick-header-meta":"","header-above-stick-meta":"","header-main-stick-meta":"","header-below-stick-meta":"","astra-migrate-meta-layouts":"default","ast-page-background-enabled":"default","ast-page-background-meta":{"desktop":{"background-color":"var(--ast-global-color-4)","background-image":"","background-repeat":"repeat","background-position":"center center","background-size":"auto","background-attachment":"scroll","background-type":"","background-media":"","overlay-type":"","overlay-color":"","overlay-gradient":""},"tablet":{"background-color":"","background-image":"","background-repeat":"repeat","background-position":"center center","background-size":"auto","background-attachment":"scroll","background-type":"","background-media":"","overlay-type":"","overlay-color":"","overlay-gradient":""},"mobile":{"background-color":"","background-image":"","background-repeat":"repeat","background-position":"center center","background-size":"auto","background-attachment":"scroll","background-type":"","background-media":"","overlay-type":"","overlay-color":"","overlay-gradient":""}},"ast-content-background-meta":{"desktop":{"background-color":"var(--ast-global-color-5)","background-image":"","background-repeat":"repeat","background-position":"center center","background-size":"auto","background-attachment":"scroll","background-type":"","background-media":"","overlay-type":"","overlay-color":"","overlay-gradient":""},"tablet":{"background-color":"var(--ast-global-color-5)","background-image":"","background-repeat":"repeat","background-position":"center center","background-size":"auto","background-attachment":"scroll","background-type":"","background-media":"","overlay-type":"","overlay-color":"","overlay-gradient":""},"mobile":{"background-color":"var(--ast-global-color-5)","background-image":"","background-repeat":"repeat","background-position":"center center","background-size":"auto","background-attachment":"scroll","background-type":"","background-media":"","overlay-type":"","overlay-color":"","overlay-gradient":""}},"footnotes":""},"class_list":["post-61","page","type-page","status-publish","has-post-thumbnail","hentry"],"yoast_head":"<!-- This site is optimized with the Yoast SEO plugin v25.8 - https:\/\/yoast.com\/wordpress\/plugins\/seo\/ -->\n<title>Tietoa meist\u00e4 | DA-Team | Yritys<\/title>\n<meta name=\"description\" content=\"Olemme toimineet alalla jo 25 vuotta, ja tiimimme koostuu nelj\u00e4st\u00e4 henkil\u00f6st\u00e4 ja suuresta yhteisty\u00f6verkostosta. Pyyd\u00e4 tarjous!\" \/>\n<meta name=\"robots\" content=\"index, follow, max-snippet:-1, max-image-preview:large, max-video-preview:-1\" \/>\n<link rel=\"canonical\" href=\"https:\/\/da-team.fi\/en\/yritys\/\" \/>\n<meta property=\"og:locale\" content=\"en_GB\" \/>\n<meta property=\"og:type\" content=\"article\" \/>\n<meta property=\"og:title\" content=\"Tietoa meist\u00e4 | DA-Team | Yritys\" \/>\n<meta property=\"og:description\" content=\"Olemme toimineet alalla jo 25 vuotta, ja tiimimme koostuu nelj\u00e4st\u00e4 henkil\u00f6st\u00e4 ja suuresta yhteisty\u00f6verkostosta. Pyyd\u00e4 tarjous!\" \/>\n<meta property=\"og:url\" content=\"https:\/\/da-team.fi\/en\/yritys\/\" \/>\n<meta property=\"og:site_name\" content=\"Da-Team\" \/>\n<meta property=\"article:modified_time\" content=\"2025-08-27T08:01:20+00:00\" \/>\n<meta property=\"og:image\" content=\"https:\/\/da-team.fi\/wp-content\/uploads\/2024\/01\/Slide-1.jpg\" \/>\n\t<meta property=\"og:image:width\" content=\"1702\" \/>\n\t<meta property=\"og:image:height\" content=\"1123\" \/>\n\t<meta property=\"og:image:type\" content=\"image\/jpeg\" \/>\n<meta name=\"twitter:card\" content=\"summary_large_image\" \/>\n<meta name=\"twitter:label1\" content=\"Estimated reading time\" \/>\n\t<meta name=\"twitter:data1\" content=\"2 minutes\" \/>\n<script type=\"application\/ld+json\" class=\"yoast-schema-graph\">{\"@context\":\"https:\/\/schema.org\",\"@graph\":[{\"@type\":\"WebPage\",\"@id\":\"https:\/\/da-team.fi\/yritys\/\",\"url\":\"https:\/\/da-team.fi\/yritys\/\",\"name\":\"Tietoa meist\u00e4 | DA-Team | Yritys\",\"isPartOf\":{\"@id\":\"https:\/\/da-team.fi\/#website\"},\"primaryImageOfPage\":{\"@id\":\"https:\/\/da-team.fi\/yritys\/#primaryimage\"},\"image\":{\"@id\":\"https:\/\/da-team.fi\/yritys\/#primaryimage\"},\"thumbnailUrl\":\"https:\/\/da-team.fi\/wp-content\/uploads\/2024\/01\/Slide-1.jpg\",\"datePublished\":\"2024-01-08T10:37:30+00:00\",\"dateModified\":\"2025-08-27T08:01:20+00:00\",\"description\":\"Olemme toimineet alalla jo 25 vuotta, ja tiimimme koostuu nelj\u00e4st\u00e4 henkil\u00f6st\u00e4 ja suuresta yhteisty\u00f6verkostosta. Pyyd\u00e4 tarjous!\",\"breadcrumb\":{\"@id\":\"https:\/\/da-team.fi\/yritys\/#breadcrumb\"},\"inLanguage\":\"en-GB\",\"potentialAction\":[{\"@type\":\"ReadAction\",\"target\":[\"https:\/\/da-team.fi\/yritys\/\"]}]},{\"@type\":\"ImageObject\",\"inLanguage\":\"en-GB\",\"@id\":\"https:\/\/da-team.fi\/yritys\/#primaryimage\",\"url\":\"https:\/\/da-team.fi\/wp-content\/uploads\/2024\/01\/Slide-1.jpg\",\"contentUrl\":\"https:\/\/da-team.fi\/wp-content\/uploads\/2024\/01\/Slide-1.jpg\",\"width\":1702,\"height\":1123},{\"@type\":\"BreadcrumbList\",\"@id\":\"https:\/\/da-team.fi\/yritys\/#breadcrumb\",\"itemListElement\":[{\"@type\":\"ListItem\",\"position\":1,\"name\":\"Etusivu\",\"item\":\"https:\/\/da-team.fi\/\"},{\"@type\":\"ListItem\",\"position\":2,\"name\":\"Yritys\"}]},{\"@type\":\"WebSite\",\"@id\":\"https:\/\/da-team.fi\/#website\",\"url\":\"https:\/\/da-team.fi\/\",\"name\":\"Da-Team\",\"description\":\"\",\"publisher\":{\"@id\":\"https:\/\/da-team.fi\/#organization\"},\"potentialAction\":[{\"@type\":\"SearchAction\",\"target\":{\"@type\":\"EntryPoint\",\"urlTemplate\":\"https:\/\/da-team.fi\/?s={search_term_string}\"},\"query-input\":{\"@type\":\"PropertyValueSpecification\",\"valueRequired\":true,\"valueName\":\"search_term_string\"}}],\"inLanguage\":\"en-GB\"},{\"@type\":\"Organization\",\"@id\":\"https:\/\/da-team.fi\/#organization\",\"name\":\"Da-Team\",\"url\":\"https:\/\/da-team.fi\/\",\"logo\":{\"@type\":\"ImageObject\",\"inLanguage\":\"en-GB\",\"@id\":\"https:\/\/da-team.fi\/#\/schema\/logo\/image\/\",\"url\":\"https:\/\/da-team.fi\/wp-content\/uploads\/2024\/01\/FI_Co-fundedbytheEU_RGB_POS.png\",\"contentUrl\":\"https:\/\/da-team.fi\/wp-content\/uploads\/2024\/01\/FI_Co-fundedbytheEU_RGB_POS.png\",\"width\":3868,\"height\":919,\"caption\":\"Da-Team\"},\"image\":{\"@id\":\"https:\/\/da-team.fi\/#\/schema\/logo\/image\/\"}}]}<\/script>\n<!-- \/ Yoast SEO plugin. -->","yoast_head_json":{"title":"Tietoa meist\u00e4 | DA-Team | Yritys","description":"Olemme toimineet alalla jo 25 vuotta, ja tiimimme koostuu nelj\u00e4st\u00e4 henkil\u00f6st\u00e4 ja suuresta yhteisty\u00f6verkostosta. Pyyd\u00e4 tarjous!","robots":{"index":"index","follow":"follow","max-snippet":"max-snippet:-1","max-image-preview":"max-image-preview:large","max-video-preview":"max-video-preview:-1"},"canonical":"https:\/\/da-team.fi\/en\/yritys\/","og_locale":"en_GB","og_type":"article","og_title":"Tietoa meist\u00e4 | DA-Team | Yritys","og_description":"Olemme toimineet alalla jo 25 vuotta, ja tiimimme koostuu nelj\u00e4st\u00e4 henkil\u00f6st\u00e4 ja suuresta yhteisty\u00f6verkostosta. Pyyd\u00e4 tarjous!","og_url":"https:\/\/da-team.fi\/en\/yritys\/","og_site_name":"Da-Team","article_modified_time":"2025-08-27T08:01:20+00:00","og_image":[{"width":1702,"height":1123,"url":"https:\/\/da-team.fi\/wp-content\/uploads\/2024\/01\/Slide-1.jpg","type":"image\/jpeg"}],"twitter_card":"summary_large_image","twitter_misc":{"Estimated reading time":"2 minutes"},"schema":{"@context":"https:\/\/schema.org","@graph":[{"@type":"WebPage","@id":"https:\/\/da-team.fi\/yritys\/","url":"https:\/\/da-team.fi\/yritys\/","name":"Tietoa meist\u00e4 | DA-Team | Yritys","isPartOf":{"@id":"https:\/\/da-team.fi\/#website"},"primaryImageOfPage":{"@id":"https:\/\/da-team.fi\/yritys\/#primaryimage"},"image":{"@id":"https:\/\/da-team.fi\/yritys\/#primaryimage"},"thumbnailUrl":"https:\/\/da-team.fi\/wp-content\/uploads\/2024\/01\/Slide-1.jpg","datePublished":"2024-01-08T10:37:30+00:00","dateModified":"2025-08-27T08:01:20+00:00","description":"Olemme toimineet alalla jo 25 vuotta, ja tiimimme koostuu nelj\u00e4st\u00e4 henkil\u00f6st\u00e4 ja suuresta yhteisty\u00f6verkostosta. Pyyd\u00e4 tarjous!","breadcrumb":{"@id":"https:\/\/da-team.fi\/yritys\/#breadcrumb"},"inLanguage":"en-GB","potentialAction":[{"@type":"ReadAction","target":["https:\/\/da-team.fi\/yritys\/"]}]},{"@type":"ImageObject","inLanguage":"en-GB","@id":"https:\/\/da-team.fi\/yritys\/#primaryimage","url":"https:\/\/da-team.fi\/wp-content\/uploads\/2024\/01\/Slide-1.jpg","contentUrl":"https:\/\/da-team.fi\/wp-content\/uploads\/2024\/01\/Slide-1.jpg","width":1702,"height":1123},{"@type":"BreadcrumbList","@id":"https:\/\/da-team.fi\/yritys\/#breadcrumb","itemListElement":[{"@type":"ListItem","position":1,"name":"Etusivu","item":"https:\/\/da-team.fi\/"},{"@type":"ListItem","position":2,"name":"Yritys"}]},{"@type":"WebSite","@id":"https:\/\/da-team.fi\/#website","url":"https:\/\/da-team.fi\/","name":"Da-Team","description":"","publisher":{"@id":"https:\/\/da-team.fi\/#organization"},"potentialAction":[{"@type":"SearchAction","target":{"@type":"EntryPoint","urlTemplate":"https:\/\/da-team.fi\/?s={search_term_string}"},"query-input":{"@type":"PropertyValueSpecification","valueRequired":true,"valueName":"search_term_string"}}],"inLanguage":"en-GB"},{"@type":"Organization","@id":"https:\/\/da-team.fi\/#organization","name":"Da-Team","url":"https:\/\/da-team.fi\/","logo":{"@type":"ImageObject","inLanguage":"en-GB","@id":"https:\/\/da-team.fi\/#\/schema\/logo\/image\/","url":"https:\/\/da-team.fi\/wp-content\/uploads\/2024\/01\/FI_Co-fundedbytheEU_RGB_POS.png","contentUrl":"https:\/\/da-team.fi\/wp-content\/uploads\/2024\/01\/FI_Co-fundedbytheEU_RGB_POS.png","width":3868,"height":919,"caption":"Da-Team"},"image":{"@id":"https:\/\/da-team.fi\/#\/schema\/logo\/image\/"}}]}},"_links":{"self":[{"href":"https:\/\/da-team.fi\/en\/wp-json\/wp\/v2\/pages\/61","targetHints":{"allow":["GET"]}}],"collection":[{"href":"https:\/\/da-team.fi\/en\/wp-json\/wp\/v2\/pages"}],"about":[{"href":"https:\/\/da-team.fi\/en\/wp-json\/wp\/v2\/types\/page"}],"author":[{"embeddable":true,"href":"https:\/\/da-team.fi\/en\/wp-json\/wp\/v2\/users\/1"}],"replies":[{"embeddable":true,"href":"https:\/\/da-team.fi\/en\/wp-json\/wp\/v2\/comments?post=61"}],"version-history":[{"count":44,"href":"https:\/\/da-team.fi\/en\/wp-json\/wp\/v2\/pages\/61\/revisions"}],"predecessor-version":[{"id":565,"href":"https:\/\/da-team.fi\/en\/wp-json\/wp\/v2\/pages\/61\/revisions\/565"}],"wp:featuredmedia":[{"embeddable":true,"href":"https:\/\/da-team.fi\/en\/wp-json\/wp\/v2\/media\/20"}],"wp:attachment":[{"href":"https:\/\/da-team.fi\/en\/wp-json\/wp\/v2\/media?parent=61"}],"curies":[{"name":"wp","href":"https:\/\/api.w.org\/{rel}","templated":true}]}}