{"id":363,"date":"2024-02-29T08:10:30","date_gmt":"2024-02-29T08:10:30","guid":{"rendered":"https:\/\/da-team.fi\/?page_id=363"},"modified":"2026-03-24T14:19:07","modified_gmt":"2026-03-24T12:19:07","slug":"automatiikka-ja-robotiikka","status":"publish","type":"page","link":"https:\/\/da-team.fi\/en\/automatiikka-ja-robotiikka\/","title":{"rendered":"Automatics and Robotics"},"content":{"rendered":"<div data-elementor-type=\"wp-page\" data-elementor-id=\"363\" class=\"elementor elementor-363\" data-elementor-post-type=\"page\">\n\t\t\t\t\t\t<section class=\"elementor-section elementor-top-section elementor-element elementor-element-bc2f73a elementor-section-boxed elementor-section-height-default elementor-section-height-default\" data-id=\"bc2f73a\" data-element_type=\"section\" data-settings=\"{&quot;background_background&quot;:&quot;classic&quot;}\">\n\t\t\t\t\t\t\t<div class=\"elementor-background-overlay\"><\/div>\n\t\t\t\t\t\t\t<div class=\"elementor-container elementor-column-gap-default\">\n\t\t\t\t\t<div class=\"elementor-column elementor-col-100 elementor-top-column elementor-element elementor-element-086cd16\" data-id=\"086cd16\" data-element_type=\"column\">\n\t\t\t<div class=\"elementor-widget-wrap elementor-element-populated\">\n\t\t\t\t\t\t<div class=\"elementor-element elementor-element-09a5b09 elementor-widget elementor-widget-heading\" data-id=\"09a5b09\" data-element_type=\"widget\" data-widget_type=\"heading.default\">\n\t\t\t\t<div class=\"elementor-widget-container\">\n\t\t\t\t\t<h2 class=\"elementor-heading-title elementor-size-default\">Automatiikka ja robotiikka<\/h2>\t\t\t\t<\/div>\n\t\t\t\t<\/div>\n\t\t\t\t\t<\/div>\n\t\t<\/div>\n\t\t\t\t\t<\/div>\n\t\t<\/section>\n\t\t\t\t<section class=\"elementor-section elementor-top-section elementor-element elementor-element-1424439 elementor-section-full_width elementor-section-height-default elementor-section-height-default\" data-id=\"1424439\" data-element_type=\"section\">\n\t\t\t\t\t\t<div class=\"elementor-container elementor-column-gap-no\">\n\t\t\t\t\t<div class=\"elementor-column elementor-col-100 elementor-top-column elementor-element elementor-element-b7b9c00\" data-id=\"b7b9c00\" data-element_type=\"column\">\n\t\t\t<div class=\"elementor-widget-wrap elementor-element-populated\">\n\t\t\t\t\t\t<div class=\"elementor-element elementor-element-9f66bf6 elementor-widget__width-inherit elementor-widget elementor-widget-html\" data-id=\"9f66bf6\" data-element_type=\"widget\" data-widget_type=\"html.default\">\n\t\t\t\t<div class=\"elementor-widget-container\">\n\t\t\t\t\t<!-- Groweo Smart Chat -->\r\n<div id=\"gw-inpage-ai-chat\"><\/div>\t\t\t\t<\/div>\n\t\t\t\t<\/div>\n\t\t\t\t\t<\/div>\n\t\t<\/div>\n\t\t\t\t\t<\/div>\n\t\t<\/section>\n\t\t\t\t<section class=\"elementor-section elementor-top-section elementor-element elementor-element-08313ad elementor-section-boxed elementor-section-height-default elementor-section-height-default\" data-id=\"08313ad\" data-element_type=\"section\">\n\t\t\t\t\t\t<div class=\"elementor-container elementor-column-gap-default\">\n\t\t\t\t\t<div class=\"elementor-column elementor-col-100 elementor-top-column elementor-element elementor-element-4b2ecd0 elementor-invisible\" data-id=\"4b2ecd0\" data-element_type=\"column\" data-settings=\"{&quot;animation&quot;:&quot;fadeIn&quot;}\">\n\t\t\t<div class=\"elementor-widget-wrap elementor-element-populated\">\n\t\t\t\t\t\t<div class=\"elementor-element elementor-element-6c29c85 elementor-widget elementor-widget-heading\" data-id=\"6c29c85\" data-element_type=\"widget\" data-widget_type=\"heading.default\">\n\t\t\t\t<div class=\"elementor-widget-container\">\n\t\t\t\t\t<h2 class=\"elementor-heading-title elementor-size-default\">What are automation and robotics?\n<\/h2>\t\t\t\t<\/div>\n\t\t\t\t<\/div>\n\t\t\t\t<div class=\"elementor-element elementor-element-2f75ea1 elementor-widget elementor-widget-text-editor\" data-id=\"2f75ea1\" data-element_type=\"widget\" data-widget_type=\"text-editor.default\">\n\t\t\t\t<div class=\"elementor-widget-container\">\n\t\t\t\t\t\t\t\t\tAutomation is a generic term for various technologies that perform tasks or processes automatically without direct human intervention. Robotics is a form of automation in which robots or robot-like systems perform physical tasks, such as moving materials or assembly.\t\t\t\t\t\t\t\t<\/div>\n\t\t\t\t<\/div>\n\t\t\t\t<div class=\"elementor-element elementor-element-1727363 elementor-widget elementor-widget-heading\" data-id=\"1727363\" data-element_type=\"widget\" data-widget_type=\"heading.default\">\n\t\t\t\t<div class=\"elementor-widget-container\">\n\t\t\t\t\t<h2 class=\"elementor-heading-title elementor-size-default\">Mihin automaatiota ja robotiikkaa voidaan soveltaa?\n<\/h2>\t\t\t\t<\/div>\n\t\t\t\t<\/div>\n\t\t\t\t<div class=\"elementor-element elementor-element-f0962a2 elementor-widget elementor-widget-text-editor\" data-id=\"f0962a2\" data-element_type=\"widget\" data-widget_type=\"text-editor.default\">\n\t\t\t\t<div class=\"elementor-widget-container\">\n\t\t\t\t\t\t\t\t\tAutomatiikkaa ja robotiikkaa voidaan soveltaa monilla eri teollisuuden aloilla, kuten valmistusteollisuudessa, logistiikassa, terveydenhuollossa, maataloudessa ja kuljetusalalla. N\u00e4it\u00e4 tekniikoita voidaan k\u00e4ytt\u00e4\u00e4 esimerkiksi tuotantolinjojen optimointiin, laadunvalvontaan, materiaalien k\u00e4sittelyyn ja kuljetukseen sek\u00e4 leikkaamiseen, hitsaamiseen ja kokoamiseen.\t\t\t\t\t\t\t\t<\/div>\n\t\t\t\t<\/div>\n\t\t\t\t<div class=\"elementor-element elementor-element-214b88a elementor-widget elementor-widget-heading\" data-id=\"214b88a\" data-element_type=\"widget\" data-widget_type=\"heading.default\">\n\t\t\t\t<div class=\"elementor-widget-container\">\n\t\t\t\t\t<h2 class=\"elementor-heading-title elementor-size-default\">Kuinka automaatio ja robotiikka voivat parantaa yrityksen tehokkuutta?\n<\/h2>\t\t\t\t<\/div>\n\t\t\t\t<\/div>\n\t\t\t\t<div class=\"elementor-element elementor-element-b502f72 elementor-widget elementor-widget-text-editor\" data-id=\"b502f72\" data-element_type=\"widget\" data-widget_type=\"text-editor.default\">\n\t\t\t\t<div class=\"elementor-widget-container\">\n\t\t\t\t\t\t\t\t\t<p><span style=\"font-weight: 400;\">Automaation ja robotiikan avulla yritykset voivat automatisoida monia manuaalisia prosesseja ja teht\u00e4vi\u00e4, mik\u00e4 voi johtaa parantuneeseen tehokkuuteen ja suorituskykyyn. Esimerkkej\u00e4 voivat olla materiaalien k\u00e4sittely ja kuljetus, laadunvalvonta ja tuotantolinjojen optimointi.<\/span><\/p>\t\t\t\t\t\t\t\t<\/div>\n\t\t\t\t<\/div>\n\t\t\t\t<div class=\"elementor-element elementor-element-91321b2 elementor-widget elementor-widget-heading\" data-id=\"91321b2\" data-element_type=\"widget\" data-widget_type=\"heading.default\">\n\t\t\t\t<div class=\"elementor-widget-container\">\n\t\t\t\t\t<h2 class=\"elementor-heading-title elementor-size-default\">Kuinka automaatio ja robotiikka voivat vaikuttaa ty\u00f6ntekij\u00f6iden ty\u00f6llisyyteen?\n<\/h2>\t\t\t\t<\/div>\n\t\t\t\t<\/div>\n\t\t\t\t<div class=\"elementor-element elementor-element-011e177 elementor-widget elementor-widget-text-editor\" data-id=\"011e177\" data-element_type=\"widget\" data-widget_type=\"text-editor.default\">\n\t\t\t\t<div class=\"elementor-widget-container\">\n\t\t\t\t\t\t\t\t\t<p><span style=\"font-weight: 400;\">Automaatio ja robotiikka voivat vaikuttaa ty\u00f6ntekij\u00f6iden ty\u00f6llisyyteen monin tavoin. Esimerkiksi ne voivat johtaa tiettyjen teht\u00e4vien automatisointiin ja v\u00e4hent\u00e4\u00e4 k\u00e4sity\u00f6voiman tarvetta, mutta toisaalta ne voivat my\u00f6s luoda uusia ty\u00f6paikkoja ja mahdollistaa ty\u00f6ntekij\u00f6iden keskittymisen korkeamman lis\u00e4arvon tuottaviin teht\u00e4viin.<\/span><\/p>\t\t\t\t\t\t\t\t<\/div>\n\t\t\t\t<\/div>\n\t\t\t\t<div class=\"elementor-element elementor-element-1daa66b elementor-align-left elementor-mobile-align-center elementor-widget elementor-widget-button\" data-id=\"1daa66b\" data-element_type=\"widget\" data-widget_type=\"button.default\">\n\t\t\t\t<div class=\"elementor-widget-container\">\n\t\t\t\t\t\t\t\t\t<div class=\"elementor-button-wrapper\">\n\t\t\t\t\t<a class=\"elementor-button elementor-button-link elementor-size-sm elementor-animation-shrink\" href=\"https:\/\/da-team.fi\/en\/yhteydenotto\/\">\n\t\t\t\t\t\t<span class=\"elementor-button-content-wrapper\">\n\t\t\t\t\t\t\t\t\t<span class=\"elementor-button-text\">Contact us<\/span>\n\t\t\t\t\t<\/span>\n\t\t\t\t\t<\/a>\n\t\t\t\t<\/div>\n\t\t\t\t\t\t\t\t<\/div>\n\t\t\t\t<\/div>\n\t\t\t\t\t<\/div>\n\t\t<\/div>\n\t\t\t\t\t<\/div>\n\t\t<\/section>\n\t\t\t\t<\/div>","protected":false},"excerpt":{"rendered":"<p>Automatiikka ja robotiikka Mit\u00e4 on automatiikka ja robotiikka? Automatisointi on yleisnimi erilaisille tekniikoille, jotka tekev\u00e4t ty\u00f6teht\u00e4vi\u00e4 tai prosesseja automaattisesti ilman [&hellip;]<\/p>","protected":false},"author":1,"featured_media":193,"parent":0,"menu_order":0,"comment_status":"closed","ping_status":"closed","template":"elementor_header_footer","meta":{"site-sidebar-layout":"no-sidebar","site-content-layout":"","ast-site-content-layout":"full-width-container","site-content-style":"default","site-sidebar-style":"default","ast-global-header-display":"","ast-banner-title-visibility":"","ast-main-header-display":"","ast-hfb-above-header-display":"","ast-hfb-below-header-display":"","ast-hfb-mobile-header-display":"","site-post-title":"disabled","ast-breadcrumbs-content":"","ast-featured-img":"disabled","footer-sml-layout":"","theme-transparent-header-meta":"","adv-header-id-meta":"","stick-header-meta":"","header-above-stick-meta":"","header-main-stick-meta":"","header-below-stick-meta":"","astra-migrate-meta-layouts":"default","ast-page-background-enabled":"default","ast-page-background-meta":{"desktop":{"background-color":"var(--ast-global-color-4)","background-image":"","background-repeat":"repeat","background-position":"center center","background-size":"auto","background-attachment":"scroll","background-type":"","background-media":"","overlay-type":"","overlay-color":"","overlay-gradient":""},"tablet":{"background-color":"","background-image":"","background-repeat":"repeat","background-position":"center center","background-size":"auto","background-attachment":"scroll","background-type":"","background-media":"","overlay-type":"","overlay-color":"","overlay-gradient":""},"mobile":{"background-color":"","background-image":"","background-repeat":"repeat","background-position":"center center","background-size":"auto","background-attachment":"scroll","background-type":"","background-media":"","overlay-type":"","overlay-color":"","overlay-gradient":""}},"ast-content-background-meta":{"desktop":{"background-color":"var(--ast-global-color-5)","background-image":"","background-repeat":"repeat","background-position":"center center","background-size":"auto","background-attachment":"scroll","background-type":"","background-media":"","overlay-type":"","overlay-color":"","overlay-gradient":""},"tablet":{"background-color":"var(--ast-global-color-5)","background-image":"","background-repeat":"repeat","background-position":"center center","background-size":"auto","background-attachment":"scroll","background-type":"","background-media":"","overlay-type":"","overlay-color":"","overlay-gradient":""},"mobile":{"background-color":"var(--ast-global-color-5)","background-image":"","background-repeat":"repeat","background-position":"center center","background-size":"auto","background-attachment":"scroll","background-type":"","background-media":"","overlay-type":"","overlay-color":"","overlay-gradient":""}},"footnotes":""},"class_list":["post-363","page","type-page","status-publish","has-post-thumbnail","hentry"],"yoast_head":"<!-- This site is optimized with the Yoast SEO plugin v25.8 - https:\/\/yoast.com\/wordpress\/plugins\/seo\/ -->\n<title>Automatiikka ja robotiikka | DA-Team | Palvelut<\/title>\n<meta name=\"description\" content=\"Automatisointi on yleisnimi erilaisille tekniikoille, jotka tekev\u00e4t ty\u00f6teht\u00e4vi\u00e4 tai prosesseja automaattisesti ilman ihmisen...\" \/>\n<meta name=\"robots\" content=\"index, follow, max-snippet:-1, max-image-preview:large, max-video-preview:-1\" \/>\n<link rel=\"canonical\" href=\"https:\/\/da-team.fi\/en\/automatiikka-ja-robotiikka\/\" \/>\n<meta property=\"og:locale\" content=\"en_GB\" \/>\n<meta property=\"og:type\" content=\"article\" \/>\n<meta property=\"og:title\" content=\"Automatiikka ja robotiikka | DA-Team | Palvelut\" \/>\n<meta property=\"og:description\" content=\"Automatisointi on yleisnimi erilaisille tekniikoille, jotka tekev\u00e4t ty\u00f6teht\u00e4vi\u00e4 tai prosesseja automaattisesti ilman ihmisen...\" \/>\n<meta property=\"og:url\" content=\"https:\/\/da-team.fi\/en\/automatiikka-ja-robotiikka\/\" \/>\n<meta property=\"og:site_name\" content=\"Da-Team\" \/>\n<meta property=\"article:modified_time\" content=\"2026-03-24T12:19:07+00:00\" \/>\n<meta property=\"og:image\" content=\"https:\/\/da-team.fi\/wp-content\/uploads\/2024\/01\/vecteezy_computer-aided-manufacturing-m2m-automation-technology_22190746-min-scaled.jpg\" \/>\n\t<meta property=\"og:image:width\" content=\"2560\" \/>\n\t<meta property=\"og:image:height\" content=\"1707\" \/>\n\t<meta property=\"og:image:type\" content=\"image\/jpeg\" \/>\n<meta name=\"twitter:card\" content=\"summary_large_image\" \/>\n<meta name=\"twitter:label1\" content=\"Estimated reading time\" \/>\n\t<meta name=\"twitter:data1\" content=\"2 minutes\" \/>\n<script type=\"application\/ld+json\" class=\"yoast-schema-graph\">{\"@context\":\"https:\/\/schema.org\",\"@graph\":[{\"@type\":\"WebPage\",\"@id\":\"https:\/\/da-team.fi\/automatiikka-ja-robotiikka\/\",\"url\":\"https:\/\/da-team.fi\/automatiikka-ja-robotiikka\/\",\"name\":\"Automatiikka ja robotiikka | DA-Team | Palvelut\",\"isPartOf\":{\"@id\":\"https:\/\/da-team.fi\/#website\"},\"primaryImageOfPage\":{\"@id\":\"https:\/\/da-team.fi\/automatiikka-ja-robotiikka\/#primaryimage\"},\"image\":{\"@id\":\"https:\/\/da-team.fi\/automatiikka-ja-robotiikka\/#primaryimage\"},\"thumbnailUrl\":\"https:\/\/da-team.fi\/wp-content\/uploads\/2024\/01\/vecteezy_computer-aided-manufacturing-m2m-automation-technology_22190746-min-scaled.jpg\",\"datePublished\":\"2024-02-29T08:10:30+00:00\",\"dateModified\":\"2026-03-24T12:19:07+00:00\",\"description\":\"Automatisointi on yleisnimi erilaisille tekniikoille, jotka tekev\u00e4t ty\u00f6teht\u00e4vi\u00e4 tai prosesseja automaattisesti ilman ihmisen...\",\"breadcrumb\":{\"@id\":\"https:\/\/da-team.fi\/automatiikka-ja-robotiikka\/#breadcrumb\"},\"inLanguage\":\"en-GB\",\"potentialAction\":[{\"@type\":\"ReadAction\",\"target\":[\"https:\/\/da-team.fi\/automatiikka-ja-robotiikka\/\"]}]},{\"@type\":\"ImageObject\",\"inLanguage\":\"en-GB\",\"@id\":\"https:\/\/da-team.fi\/automatiikka-ja-robotiikka\/#primaryimage\",\"url\":\"https:\/\/da-team.fi\/wp-content\/uploads\/2024\/01\/vecteezy_computer-aided-manufacturing-m2m-automation-technology_22190746-min-scaled.jpg\",\"contentUrl\":\"https:\/\/da-team.fi\/wp-content\/uploads\/2024\/01\/vecteezy_computer-aided-manufacturing-m2m-automation-technology_22190746-min-scaled.jpg\",\"width\":2560,\"height\":1707},{\"@type\":\"BreadcrumbList\",\"@id\":\"https:\/\/da-team.fi\/automatiikka-ja-robotiikka\/#breadcrumb\",\"itemListElement\":[{\"@type\":\"ListItem\",\"position\":1,\"name\":\"Etusivu\",\"item\":\"https:\/\/da-team.fi\/\"},{\"@type\":\"ListItem\",\"position\":2,\"name\":\"Automatiikka ja Robotiikka\"}]},{\"@type\":\"WebSite\",\"@id\":\"https:\/\/da-team.fi\/#website\",\"url\":\"https:\/\/da-team.fi\/\",\"name\":\"Da-Team\",\"description\":\"\",\"publisher\":{\"@id\":\"https:\/\/da-team.fi\/#organization\"},\"potentialAction\":[{\"@type\":\"SearchAction\",\"target\":{\"@type\":\"EntryPoint\",\"urlTemplate\":\"https:\/\/da-team.fi\/?s={search_term_string}\"},\"query-input\":{\"@type\":\"PropertyValueSpecification\",\"valueRequired\":true,\"valueName\":\"search_term_string\"}}],\"inLanguage\":\"en-GB\"},{\"@type\":\"Organization\",\"@id\":\"https:\/\/da-team.fi\/#organization\",\"name\":\"Da-Team\",\"url\":\"https:\/\/da-team.fi\/\",\"logo\":{\"@type\":\"ImageObject\",\"inLanguage\":\"en-GB\",\"@id\":\"https:\/\/da-team.fi\/#\/schema\/logo\/image\/\",\"url\":\"https:\/\/da-team.fi\/wp-content\/uploads\/2024\/01\/FI_Co-fundedbytheEU_RGB_POS.png\",\"contentUrl\":\"https:\/\/da-team.fi\/wp-content\/uploads\/2024\/01\/FI_Co-fundedbytheEU_RGB_POS.png\",\"width\":3868,\"height\":919,\"caption\":\"Da-Team\"},\"image\":{\"@id\":\"https:\/\/da-team.fi\/#\/schema\/logo\/image\/\"}}]}<\/script>\n<!-- \/ Yoast SEO plugin. -->","yoast_head_json":{"title":"Automatiikka ja robotiikka | DA-Team | Palvelut","description":"Automatisointi on yleisnimi erilaisille tekniikoille, jotka tekev\u00e4t ty\u00f6teht\u00e4vi\u00e4 tai prosesseja automaattisesti ilman ihmisen...","robots":{"index":"index","follow":"follow","max-snippet":"max-snippet:-1","max-image-preview":"max-image-preview:large","max-video-preview":"max-video-preview:-1"},"canonical":"https:\/\/da-team.fi\/en\/automatiikka-ja-robotiikka\/","og_locale":"en_GB","og_type":"article","og_title":"Automatiikka ja robotiikka | DA-Team | Palvelut","og_description":"Automatisointi on yleisnimi erilaisille tekniikoille, jotka tekev\u00e4t ty\u00f6teht\u00e4vi\u00e4 tai prosesseja automaattisesti ilman ihmisen...","og_url":"https:\/\/da-team.fi\/en\/automatiikka-ja-robotiikka\/","og_site_name":"Da-Team","article_modified_time":"2026-03-24T12:19:07+00:00","og_image":[{"width":2560,"height":1707,"url":"https:\/\/da-team.fi\/wp-content\/uploads\/2024\/01\/vecteezy_computer-aided-manufacturing-m2m-automation-technology_22190746-min-scaled.jpg","type":"image\/jpeg"}],"twitter_card":"summary_large_image","twitter_misc":{"Estimated reading time":"2 minutes"},"schema":{"@context":"https:\/\/schema.org","@graph":[{"@type":"WebPage","@id":"https:\/\/da-team.fi\/automatiikka-ja-robotiikka\/","url":"https:\/\/da-team.fi\/automatiikka-ja-robotiikka\/","name":"Automatiikka ja robotiikka | DA-Team | Palvelut","isPartOf":{"@id":"https:\/\/da-team.fi\/#website"},"primaryImageOfPage":{"@id":"https:\/\/da-team.fi\/automatiikka-ja-robotiikka\/#primaryimage"},"image":{"@id":"https:\/\/da-team.fi\/automatiikka-ja-robotiikka\/#primaryimage"},"thumbnailUrl":"https:\/\/da-team.fi\/wp-content\/uploads\/2024\/01\/vecteezy_computer-aided-manufacturing-m2m-automation-technology_22190746-min-scaled.jpg","datePublished":"2024-02-29T08:10:30+00:00","dateModified":"2026-03-24T12:19:07+00:00","description":"Automatisointi on yleisnimi erilaisille tekniikoille, jotka tekev\u00e4t ty\u00f6teht\u00e4vi\u00e4 tai prosesseja automaattisesti ilman ihmisen...","breadcrumb":{"@id":"https:\/\/da-team.fi\/automatiikka-ja-robotiikka\/#breadcrumb"},"inLanguage":"en-GB","potentialAction":[{"@type":"ReadAction","target":["https:\/\/da-team.fi\/automatiikka-ja-robotiikka\/"]}]},{"@type":"ImageObject","inLanguage":"en-GB","@id":"https:\/\/da-team.fi\/automatiikka-ja-robotiikka\/#primaryimage","url":"https:\/\/da-team.fi\/wp-content\/uploads\/2024\/01\/vecteezy_computer-aided-manufacturing-m2m-automation-technology_22190746-min-scaled.jpg","contentUrl":"https:\/\/da-team.fi\/wp-content\/uploads\/2024\/01\/vecteezy_computer-aided-manufacturing-m2m-automation-technology_22190746-min-scaled.jpg","width":2560,"height":1707},{"@type":"BreadcrumbList","@id":"https:\/\/da-team.fi\/automatiikka-ja-robotiikka\/#breadcrumb","itemListElement":[{"@type":"ListItem","position":1,"name":"Etusivu","item":"https:\/\/da-team.fi\/"},{"@type":"ListItem","position":2,"name":"Automatiikka ja Robotiikka"}]},{"@type":"WebSite","@id":"https:\/\/da-team.fi\/#website","url":"https:\/\/da-team.fi\/","name":"Da-Team","description":"","publisher":{"@id":"https:\/\/da-team.fi\/#organization"},"potentialAction":[{"@type":"SearchAction","target":{"@type":"EntryPoint","urlTemplate":"https:\/\/da-team.fi\/?s={search_term_string}"},"query-input":{"@type":"PropertyValueSpecification","valueRequired":true,"valueName":"search_term_string"}}],"inLanguage":"en-GB"},{"@type":"Organization","@id":"https:\/\/da-team.fi\/#organization","name":"Da-Team","url":"https:\/\/da-team.fi\/","logo":{"@type":"ImageObject","inLanguage":"en-GB","@id":"https:\/\/da-team.fi\/#\/schema\/logo\/image\/","url":"https:\/\/da-team.fi\/wp-content\/uploads\/2024\/01\/FI_Co-fundedbytheEU_RGB_POS.png","contentUrl":"https:\/\/da-team.fi\/wp-content\/uploads\/2024\/01\/FI_Co-fundedbytheEU_RGB_POS.png","width":3868,"height":919,"caption":"Da-Team"},"image":{"@id":"https:\/\/da-team.fi\/#\/schema\/logo\/image\/"}}]}},"_links":{"self":[{"href":"https:\/\/da-team.fi\/en\/wp-json\/wp\/v2\/pages\/363","targetHints":{"allow":["GET"]}}],"collection":[{"href":"https:\/\/da-team.fi\/en\/wp-json\/wp\/v2\/pages"}],"about":[{"href":"https:\/\/da-team.fi\/en\/wp-json\/wp\/v2\/types\/page"}],"author":[{"embeddable":true,"href":"https:\/\/da-team.fi\/en\/wp-json\/wp\/v2\/users\/1"}],"replies":[{"embeddable":true,"href":"https:\/\/da-team.fi\/en\/wp-json\/wp\/v2\/comments?post=363"}],"version-history":[{"count":22,"href":"https:\/\/da-team.fi\/en\/wp-json\/wp\/v2\/pages\/363\/revisions"}],"predecessor-version":[{"id":578,"href":"https:\/\/da-team.fi\/en\/wp-json\/wp\/v2\/pages\/363\/revisions\/578"}],"wp:featuredmedia":[{"embeddable":true,"href":"https:\/\/da-team.fi\/en\/wp-json\/wp\/v2\/media\/193"}],"wp:attachment":[{"href":"https:\/\/da-team.fi\/en\/wp-json\/wp\/v2\/media?parent=363"}],"curies":[{"name":"wp","href":"https:\/\/api.w.org\/{rel}","templated":true}]}}